{"id":73,"date":"2019-12-09T17:00:53","date_gmt":"2019-12-09T16:00:53","guid":{"rendered":"http:\/\/excellence-saint-barth.projestic.com\/?page_id=73"},"modified":"2024-04-01T12:46:06","modified_gmt":"2024-04-01T10:46:06","slug":"location-yacht-monaco","status":"publish","type":"page","link":"https:\/\/excellence-saint-barth.com\/fr\/location-yacht-saint-barthelemy","title":{"rendered":"Location Yacht Saint-Barth\u00e9lemy"},"content":{"rendered":"","protected":false},"excerpt":{"rendered":"","protected":false},"author":1,"featured_media":26376,"parent":0,"menu_order":0,"comment_status":"closed","ping_status":"closed","template":"template-listing-inner.php","meta":{"_acf_changed":false,"footnotes":""},"class_list":["post-73","page","type-page","status-publish","has-post-thumbnail"],"acf":[],"yoast_head":"<!-- This site is optimized with the Yoast SEO plugin v22.3 - https:\/\/yoast.com\/wordpress\/plugins\/seo\/ -->\n<title>Location Yacht &amp; Superyacht \u00e0 St Barth - Excellence Saint-Barth<\/title>\n<meta name=\"description\" content=\"Location de yacht \u00e0 Saint-Barth\u00e9lemy - Explorez notre collection de yachts \u00e0 louer, comparez en quelques clics et r\u00e9servez au meilleur tarif.\" \/>\n<meta name=\"robots\" content=\"noindex, follow, max-snippet:-1, max-image-preview:large, max-video-preview:-1\" \/>\n<meta property=\"og:locale\" content=\"fr_FR\" \/>\n<meta property=\"og:type\" content=\"article\" \/>\n<meta property=\"og:title\" content=\"Location Yacht &amp; Superyacht \u00e0 St Barth - Excellence Saint-Barth\" \/>\n<meta property=\"og:description\" content=\"Location de yacht \u00e0 Saint-Barth\u00e9lemy - Explorez notre collection de yachts \u00e0 louer, comparez en quelques clics et r\u00e9servez au meilleur tarif.\" \/>\n<meta property=\"og:url\" content=\"https:\/\/excellence-saint-barth.com\/fr\/location-yacht-saint-barthelemy\" \/>\n<meta property=\"og:site_name\" content=\"Excellence Saint-Barth\" \/>\n<meta property=\"article:publisher\" content=\"https:\/\/www.facebook.com\/ExcellenceSaintTropez\/\" \/>\n<meta property=\"article:modified_time\" content=\"2024-04-01T10:46:06+00:00\" \/>\n<meta property=\"og:image\" content=\"https:\/\/excellence-saint-barth.com\/wp-content\/uploads\/2021\/10\/Yacht-Gustavia-Port-Saint-Barthelemy.jpg\" \/>\n\t<meta property=\"og:image:width\" content=\"740\" \/>\n\t<meta property=\"og:image:height\" content=\"740\" \/>\n\t<meta property=\"og:image:type\" content=\"image\/jpeg\" \/>\n<meta name=\"twitter:card\" content=\"summary_large_image\" \/>\n<meta name=\"twitter:site\" content=\"@excellence_fr\" \/>\n<meta name=\"twitter:label1\" content=\"Dur\u00e9e de lecture estim\u00e9e\" \/>\n\t<meta name=\"twitter:data1\" content=\"1 minute\" \/>\n<!-- \/ Yoast SEO plugin. -->","yoast_head_json":{"title":"Location Yacht & Superyacht \u00e0 St Barth - Excellence Saint-Barth","description":"Location de yacht \u00e0 Saint-Barth\u00e9lemy - Explorez notre collection de yachts \u00e0 louer, comparez en quelques clics et r\u00e9servez au meilleur tarif.","robots":{"index":"noindex","follow":"follow","max-snippet":"max-snippet:-1","max-image-preview":"max-image-preview:large","max-video-preview":"max-video-preview:-1"},"og_locale":"fr_FR","og_type":"article","og_title":"Location Yacht & Superyacht \u00e0 St Barth - Excellence Saint-Barth","og_description":"Location de yacht \u00e0 Saint-Barth\u00e9lemy - Explorez notre collection de yachts \u00e0 louer, comparez en quelques clics et r\u00e9servez au meilleur tarif.","og_url":"https:\/\/excellence-saint-barth.com\/fr\/location-yacht-saint-barthelemy","og_site_name":"Excellence Saint-Barth","article_publisher":"https:\/\/www.facebook.com\/ExcellenceSaintTropez\/","article_modified_time":"2024-04-01T10:46:06+00:00","og_image":[{"width":740,"height":740,"url":"https:\/\/excellence-saint-barth.com\/wp-content\/uploads\/2021\/10\/Yacht-Gustavia-Port-Saint-Barthelemy.jpg","type":"image\/jpeg"}],"twitter_card":"summary_large_image","twitter_site":"@excellence_fr","twitter_misc":{"Dur\u00e9e de lecture estim\u00e9e":"1 minute"},"schema":{"@context":"https:\/\/schema.org","@graph":[{"@type":"WebPage","@id":"https:\/\/excellence-saint-barth.com\/fr\/location-yacht-saint-barthelemy","url":"https:\/\/excellence-saint-barth.com\/fr\/location-yacht-saint-barthelemy","name":"Location Yacht & Superyacht \u00e0 St Barth - Excellence Saint-Barth","isPartOf":{"@id":"https:\/\/excellence-saint-barth.com\/fr\/#website"},"primaryImageOfPage":{"@id":"https:\/\/excellence-saint-barth.com\/fr\/location-yacht-saint-barthelemy#primaryimage"},"image":{"@id":"https:\/\/excellence-saint-barth.com\/fr\/location-yacht-saint-barthelemy#primaryimage"},"thumbnailUrl":"https:\/\/excellence-saint-barth.com\/wp-content\/uploads\/2021\/10\/Yacht-Gustavia-Port-Saint-Barthelemy.jpg","datePublished":"2019-12-09T16:00:53+00:00","dateModified":"2024-04-01T10:46:06+00:00","description":"Location de yacht \u00e0 Saint-Barth\u00e9lemy - Explorez notre collection de yachts \u00e0 louer, comparez en quelques clics et r\u00e9servez au meilleur tarif.","inLanguage":"fr-FR","potentialAction":[{"@type":"ReadAction","target":["https:\/\/excellence-saint-barth.com\/fr\/location-yacht-saint-barthelemy"]}]},{"@type":"ImageObject","inLanguage":"fr-FR","@id":"https:\/\/excellence-saint-barth.com\/fr\/location-yacht-saint-barthelemy#primaryimage","url":"https:\/\/excellence-saint-barth.com\/wp-content\/uploads\/2021\/10\/Yacht-Gustavia-Port-Saint-Barthelemy.jpg","contentUrl":"https:\/\/excellence-saint-barth.com\/wp-content\/uploads\/2021\/10\/Yacht-Gustavia-Port-Saint-Barthelemy.jpg","width":740,"height":740,"caption":"Yachts et bateaux de luxe \u00e0 Gustavia, Port de Saint-Barth\u00e9lemy"},{"@type":"WebSite","@id":"https:\/\/excellence-saint-barth.com\/fr\/#website","url":"https:\/\/excellence-saint-barth.com\/fr\/","name":"Excellence Saint-Barth","description":"S\u00e9jours de luxe \u00e0 Saint-Barth\u00e9lemy","publisher":{"@id":"https:\/\/excellence-saint-barth.com\/fr\/#organization"},"potentialAction":[{"@type":"SearchAction","target":{"@type":"EntryPoint","urlTemplate":"https:\/\/excellence-saint-barth.com\/fr\/?s={search_term_string}"},"query-input":"required name=search_term_string"}],"inLanguage":"fr-FR"},{"@type":"Organization","@id":"https:\/\/excellence-saint-barth.com\/fr\/#organization","name":"Excellence Saint-Barth","url":"https:\/\/excellence-saint-barth.com\/fr\/","logo":{"@type":"ImageObject","inLanguage":"fr-FR","@id":"https:\/\/excellence-saint-barth.com\/fr\/#\/schema\/logo\/image\/","url":"https:\/\/excellence-saint-barth.com\/wp-content\/uploads\/2021\/10\/cropped-Logo-Excellence-Riviera-Header.png","contentUrl":"https:\/\/excellence-saint-barth.com\/wp-content\/uploads\/2021\/10\/cropped-Logo-Excellence-Riviera-Header.png","width":276,"height":32,"caption":"Excellence Saint-Barth"},"image":{"@id":"https:\/\/excellence-saint-barth.com\/fr\/#\/schema\/logo\/image\/"},"sameAs":["https:\/\/www.facebook.com\/ExcellenceSaintTropez\/","https:\/\/twitter.com\/excellence_fr","https:\/\/www.instagram.com\/excellence.riviera\/","https:\/\/www.linkedin.com\/company\/excellence-saint-barth"]}]}},"_links":{"self":[{"href":"https:\/\/excellence-saint-barth.com\/fr\/wp-json\/wp\/v2\/pages\/73","targetHints":{"allow":["GET"]}}],"collection":[{"href":"https:\/\/excellence-saint-barth.com\/fr\/wp-json\/wp\/v2\/pages"}],"about":[{"href":"https:\/\/excellence-saint-barth.com\/fr\/wp-json\/wp\/v2\/types\/page"}],"author":[{"embeddable":true,"href":"https:\/\/excellence-saint-barth.com\/fr\/wp-json\/wp\/v2\/users\/1"}],"replies":[{"embeddable":true,"href":"https:\/\/excellence-saint-barth.com\/fr\/wp-json\/wp\/v2\/comments?post=73"}],"version-history":[{"count":8,"href":"https:\/\/excellence-saint-barth.com\/fr\/wp-json\/wp\/v2\/pages\/73\/revisions"}],"predecessor-version":[{"id":31131,"href":"https:\/\/excellence-saint-barth.com\/fr\/wp-json\/wp\/v2\/pages\/73\/revisions\/31131"}],"wp:featuredmedia":[{"embeddable":true,"href":"https:\/\/excellence-saint-barth.com\/fr\/wp-json\/wp\/v2\/media\/26376"}],"wp:attachment":[{"href":"https:\/\/excellence-saint-barth.com\/fr\/wp-json\/wp\/v2\/media?parent=73"}],"curies":[{"name":"wp","href":"https:\/\/api.w.org\/{rel}","templated":true}]}}