{"id":676,"date":"2020-05-08T10:25:34","date_gmt":"2020-05-08T08:25:34","guid":{"rendered":"http:\/\/excellence-saint-barth.projestic.com\/?page_id=676"},"modified":"2021-05-28T14:33:17","modified_gmt":"2021-05-28T12:33:17","slug":"wishlist","status":"publish","type":"page","link":"https:\/\/excellence-saint-barth.com\/fr\/wishlist-fr","title":{"rendered":"Wishlist"},"content":{"rendered":"","protected":false},"excerpt":{"rendered":"","protected":false},"author":1,"featured_media":0,"parent":0,"menu_order":0,"comment_status":"closed","ping_status":"closed","template":"template-wishlist.php","meta":{"_acf_changed":false,"footnotes":""},"class_list":["post-676","page","type-page","status-publish"],"acf":[],"yoast_head":"<!-- This site is optimized with the Yoast SEO plugin v22.3 - https:\/\/yoast.com\/wordpress\/plugins\/seo\/ -->\n<title>Wishlist &#8226; Excellence Saint-Barth<\/title>\n<meta name=\"robots\" content=\"noindex, follow, max-snippet:-1, max-image-preview:large, max-video-preview:-1\" \/>\n<meta property=\"og:locale\" content=\"fr_FR\" \/>\n<meta property=\"og:type\" content=\"article\" \/>\n<meta property=\"og:title\" content=\"Wishlist &#8226; Excellence Saint-Barth\" \/>\n<meta property=\"og:url\" content=\"https:\/\/excellence-saint-barth.com\/fr\/wishlist-fr\" \/>\n<meta property=\"og:site_name\" content=\"Excellence Saint-Barth\" \/>\n<meta property=\"article:publisher\" content=\"https:\/\/www.facebook.com\/ExcellenceSaintTropez\/\" \/>\n<meta property=\"article:modified_time\" content=\"2021-05-28T12:33:17+00:00\" \/>\n<meta name=\"twitter:card\" content=\"summary_large_image\" \/>\n<meta name=\"twitter:site\" content=\"@excellence_fr\" \/>\n<!-- \/ Yoast SEO plugin. -->","yoast_head_json":{"title":"Wishlist &#8226; Excellence Saint-Barth","robots":{"index":"noindex","follow":"follow","max-snippet":"max-snippet:-1","max-image-preview":"max-image-preview:large","max-video-preview":"max-video-preview:-1"},"og_locale":"fr_FR","og_type":"article","og_title":"Wishlist &#8226; Excellence Saint-Barth","og_url":"https:\/\/excellence-saint-barth.com\/fr\/wishlist-fr","og_site_name":"Excellence Saint-Barth","article_publisher":"https:\/\/www.facebook.com\/ExcellenceSaintTropez\/","article_modified_time":"2021-05-28T12:33:17+00:00","twitter_card":"summary_large_image","twitter_site":"@excellence_fr","schema":{"@context":"https:\/\/schema.org","@graph":[{"@type":"WebPage","@id":"https:\/\/excellence-saint-barth.com\/fr\/wishlist-fr","url":"https:\/\/excellence-saint-barth.com\/fr\/wishlist-fr","name":"Wishlist &#8226; Excellence Saint-Barth","isPartOf":{"@id":"https:\/\/excellence-saint-barth.com\/fr\/#website"},"datePublished":"2020-05-08T08:25:34+00:00","dateModified":"2021-05-28T12:33:17+00:00","inLanguage":"fr-FR","potentialAction":[{"@type":"ReadAction","target":["https:\/\/excellence-saint-barth.com\/fr\/wishlist-fr"]}]},{"@type":"WebSite","@id":"https:\/\/excellence-saint-barth.com\/fr\/#website","url":"https:\/\/excellence-saint-barth.com\/fr\/","name":"Excellence Saint-Barth","description":"S\u00e9jours de luxe \u00e0 Saint-Barth\u00e9lemy","publisher":{"@id":"https:\/\/excellence-saint-barth.com\/fr\/#organization"},"potentialAction":[{"@type":"SearchAction","target":{"@type":"EntryPoint","urlTemplate":"https:\/\/excellence-saint-barth.com\/fr\/?s={search_term_string}"},"query-input":"required name=search_term_string"}],"inLanguage":"fr-FR"},{"@type":"Organization","@id":"https:\/\/excellence-saint-barth.com\/fr\/#organization","name":"Excellence Saint-Barth","url":"https:\/\/excellence-saint-barth.com\/fr\/","logo":{"@type":"ImageObject","inLanguage":"fr-FR","@id":"https:\/\/excellence-saint-barth.com\/fr\/#\/schema\/logo\/image\/","url":"https:\/\/excellence-saint-barth.com\/wp-content\/uploads\/2021\/10\/cropped-Logo-Excellence-Riviera-Header.png","contentUrl":"https:\/\/excellence-saint-barth.com\/wp-content\/uploads\/2021\/10\/cropped-Logo-Excellence-Riviera-Header.png","width":276,"height":32,"caption":"Excellence Saint-Barth"},"image":{"@id":"https:\/\/excellence-saint-barth.com\/fr\/#\/schema\/logo\/image\/"},"sameAs":["https:\/\/www.facebook.com\/ExcellenceSaintTropez\/","https:\/\/twitter.com\/excellence_fr","https:\/\/www.instagram.com\/excellence.riviera\/","https:\/\/www.linkedin.com\/company\/excellence-saint-barth"]}]}},"_links":{"self":[{"href":"https:\/\/excellence-saint-barth.com\/fr\/wp-json\/wp\/v2\/pages\/676","targetHints":{"allow":["GET"]}}],"collection":[{"href":"https:\/\/excellence-saint-barth.com\/fr\/wp-json\/wp\/v2\/pages"}],"about":[{"href":"https:\/\/excellence-saint-barth.com\/fr\/wp-json\/wp\/v2\/types\/page"}],"author":[{"embeddable":true,"href":"https:\/\/excellence-saint-barth.com\/fr\/wp-json\/wp\/v2\/users\/1"}],"replies":[{"embeddable":true,"href":"https:\/\/excellence-saint-barth.com\/fr\/wp-json\/wp\/v2\/comments?post=676"}],"version-history":[{"count":0,"href":"https:\/\/excellence-saint-barth.com\/fr\/wp-json\/wp\/v2\/pages\/676\/revisions"}],"wp:attachment":[{"href":"https:\/\/excellence-saint-barth.com\/fr\/wp-json\/wp\/v2\/media?parent=676"}],"curies":[{"name":"wp","href":"https:\/\/api.w.org\/{rel}","templated":true}]}}