{"id":48,"date":"2019-12-09T17:00:07","date_gmt":"2019-12-09T16:00:07","guid":{"rendered":"http:\/\/excellence-saint-barth.projestic.com\/?page_id=48"},"modified":"2024-03-28T12:05:30","modified_gmt":"2024-03-28T11:05:30","slug":"hotels-luxe-monaco","status":"publish","type":"page","link":"https:\/\/excellence-saint-barth.com\/fr\/hotels-luxe-saint-barthelemy","title":{"rendered":"H\u00f4tels de Luxe \u00e0 Saint-Barth\u00e9lemy"},"content":{"rendered":"","protected":false},"excerpt":{"rendered":"","protected":false},"author":1,"featured_media":26391,"parent":0,"menu_order":0,"comment_status":"closed","ping_status":"closed","template":"template-listing-inner.php","meta":{"_acf_changed":false,"footnotes":""},"class_list":["post-48","page","type-page","status-publish","has-post-thumbnail"],"acf":[],"yoast_head":"<!-- This site is optimized with the Yoast SEO plugin v22.3 - https:\/\/yoast.com\/wordpress\/plugins\/seo\/ -->\n<title>S\u00e9journer \u00e0 Saint-Barth : Les meilleurs h\u00f4tels de luxe<\/title>\n<meta name=\"description\" content=\"H\u00f4tels de luxe \u00e0 Saint-Barth\u00e9lemy - Comparez et r\u00e9servez les plus prestigieux h\u00f4tels de Saint-Barth au meilleur tarif.\" \/>\n<meta name=\"robots\" content=\"noindex, follow, max-snippet:-1, max-image-preview:large, max-video-preview:-1\" \/>\n<meta property=\"og:locale\" content=\"fr_FR\" \/>\n<meta property=\"og:type\" content=\"article\" \/>\n<meta property=\"og:title\" content=\"S\u00e9journer \u00e0 Saint-Barth : Les meilleurs h\u00f4tels de luxe\" \/>\n<meta property=\"og:description\" content=\"H\u00f4tels de luxe \u00e0 Saint-Barth\u00e9lemy - Comparez et r\u00e9servez les plus prestigieux h\u00f4tels de Saint-Barth au meilleur tarif.\" \/>\n<meta property=\"og:url\" content=\"https:\/\/excellence-saint-barth.com\/fr\/hotels-luxe-saint-barthelemy\" \/>\n<meta property=\"og:site_name\" content=\"Excellence Saint-Barth\" \/>\n<meta property=\"article:publisher\" content=\"https:\/\/www.facebook.com\/ExcellenceSaintTropez\/\" \/>\n<meta property=\"article:modified_time\" content=\"2024-03-28T11:05:30+00:00\" \/>\n<meta property=\"og:image\" content=\"https:\/\/excellence-saint-barth.com\/wp-content\/uploads\/2021\/10\/Vacances-De-Luxe-Hotel-Saint-Barth-1.jpg\" \/>\n\t<meta property=\"og:image:width\" content=\"800\" \/>\n\t<meta property=\"og:image:height\" content=\"800\" \/>\n\t<meta property=\"og:image:type\" content=\"image\/jpeg\" \/>\n<meta name=\"twitter:card\" content=\"summary_large_image\" \/>\n<meta name=\"twitter:site\" content=\"@excellence_fr\" \/>\n<meta name=\"twitter:label1\" content=\"Dur\u00e9e de lecture estim\u00e9e\" \/>\n\t<meta name=\"twitter:data1\" content=\"1 minute\" \/>\n<!-- \/ Yoast SEO plugin. -->","yoast_head_json":{"title":"S\u00e9journer \u00e0 Saint-Barth : Les meilleurs h\u00f4tels de luxe","description":"H\u00f4tels de luxe \u00e0 Saint-Barth\u00e9lemy - Comparez et r\u00e9servez les plus prestigieux h\u00f4tels de Saint-Barth au meilleur tarif.","robots":{"index":"noindex","follow":"follow","max-snippet":"max-snippet:-1","max-image-preview":"max-image-preview:large","max-video-preview":"max-video-preview:-1"},"og_locale":"fr_FR","og_type":"article","og_title":"S\u00e9journer \u00e0 Saint-Barth : Les meilleurs h\u00f4tels de luxe","og_description":"H\u00f4tels de luxe \u00e0 Saint-Barth\u00e9lemy - Comparez et r\u00e9servez les plus prestigieux h\u00f4tels de Saint-Barth au meilleur tarif.","og_url":"https:\/\/excellence-saint-barth.com\/fr\/hotels-luxe-saint-barthelemy","og_site_name":"Excellence Saint-Barth","article_publisher":"https:\/\/www.facebook.com\/ExcellenceSaintTropez\/","article_modified_time":"2024-03-28T11:05:30+00:00","og_image":[{"width":800,"height":800,"url":"https:\/\/excellence-saint-barth.com\/wp-content\/uploads\/2021\/10\/Vacances-De-Luxe-Hotel-Saint-Barth-1.jpg","type":"image\/jpeg"}],"twitter_card":"summary_large_image","twitter_site":"@excellence_fr","twitter_misc":{"Dur\u00e9e de lecture estim\u00e9e":"1 minute"},"schema":{"@context":"https:\/\/schema.org","@graph":[{"@type":"WebPage","@id":"https:\/\/excellence-saint-barth.com\/fr\/hotels-luxe-saint-barthelemy","url":"https:\/\/excellence-saint-barth.com\/fr\/hotels-luxe-saint-barthelemy","name":"S\u00e9journer \u00e0 Saint-Barth : Les meilleurs h\u00f4tels de luxe","isPartOf":{"@id":"https:\/\/excellence-saint-barth.com\/fr\/#website"},"primaryImageOfPage":{"@id":"https:\/\/excellence-saint-barth.com\/fr\/hotels-luxe-saint-barthelemy#primaryimage"},"image":{"@id":"https:\/\/excellence-saint-barth.com\/fr\/hotels-luxe-saint-barthelemy#primaryimage"},"thumbnailUrl":"https:\/\/excellence-saint-barth.com\/wp-content\/uploads\/2021\/10\/Vacances-De-Luxe-Hotel-Saint-Barth-1.jpg","datePublished":"2019-12-09T16:00:07+00:00","dateModified":"2024-03-28T11:05:30+00:00","description":"H\u00f4tels de luxe \u00e0 Saint-Barth\u00e9lemy - Comparez et r\u00e9servez les plus prestigieux h\u00f4tels de Saint-Barth au meilleur tarif.","inLanguage":"fr-FR","potentialAction":[{"@type":"ReadAction","target":["https:\/\/excellence-saint-barth.com\/fr\/hotels-luxe-saint-barthelemy"]}]},{"@type":"ImageObject","inLanguage":"fr-FR","@id":"https:\/\/excellence-saint-barth.com\/fr\/hotels-luxe-saint-barthelemy#primaryimage","url":"https:\/\/excellence-saint-barth.com\/wp-content\/uploads\/2021\/10\/Vacances-De-Luxe-Hotel-Saint-Barth-1.jpg","contentUrl":"https:\/\/excellence-saint-barth.com\/wp-content\/uploads\/2021\/10\/Vacances-De-Luxe-Hotel-Saint-Barth-1.jpg","width":800,"height":800,"caption":"H\u00f4tel de luxe Le Christopher \u00e0 Saint-Barth\u00e9lemy"},{"@type":"WebSite","@id":"https:\/\/excellence-saint-barth.com\/fr\/#website","url":"https:\/\/excellence-saint-barth.com\/fr\/","name":"Excellence Saint-Barth","description":"S\u00e9jours de luxe \u00e0 Saint-Barth\u00e9lemy","publisher":{"@id":"https:\/\/excellence-saint-barth.com\/fr\/#organization"},"potentialAction":[{"@type":"SearchAction","target":{"@type":"EntryPoint","urlTemplate":"https:\/\/excellence-saint-barth.com\/fr\/?s={search_term_string}"},"query-input":"required name=search_term_string"}],"inLanguage":"fr-FR"},{"@type":"Organization","@id":"https:\/\/excellence-saint-barth.com\/fr\/#organization","name":"Excellence Saint-Barth","url":"https:\/\/excellence-saint-barth.com\/fr\/","logo":{"@type":"ImageObject","inLanguage":"fr-FR","@id":"https:\/\/excellence-saint-barth.com\/fr\/#\/schema\/logo\/image\/","url":"https:\/\/excellence-saint-barth.com\/wp-content\/uploads\/2021\/10\/cropped-Logo-Excellence-Riviera-Header.png","contentUrl":"https:\/\/excellence-saint-barth.com\/wp-content\/uploads\/2021\/10\/cropped-Logo-Excellence-Riviera-Header.png","width":276,"height":32,"caption":"Excellence Saint-Barth"},"image":{"@id":"https:\/\/excellence-saint-barth.com\/fr\/#\/schema\/logo\/image\/"},"sameAs":["https:\/\/www.facebook.com\/ExcellenceSaintTropez\/","https:\/\/twitter.com\/excellence_fr","https:\/\/www.instagram.com\/excellence.riviera\/","https:\/\/www.linkedin.com\/company\/excellence-saint-barth"]}]}},"_links":{"self":[{"href":"https:\/\/excellence-saint-barth.com\/fr\/wp-json\/wp\/v2\/pages\/48","targetHints":{"allow":["GET"]}}],"collection":[{"href":"https:\/\/excellence-saint-barth.com\/fr\/wp-json\/wp\/v2\/pages"}],"about":[{"href":"https:\/\/excellence-saint-barth.com\/fr\/wp-json\/wp\/v2\/types\/page"}],"author":[{"embeddable":true,"href":"https:\/\/excellence-saint-barth.com\/fr\/wp-json\/wp\/v2\/users\/1"}],"replies":[{"embeddable":true,"href":"https:\/\/excellence-saint-barth.com\/fr\/wp-json\/wp\/v2\/comments?post=48"}],"version-history":[{"count":6,"href":"https:\/\/excellence-saint-barth.com\/fr\/wp-json\/wp\/v2\/pages\/48\/revisions"}],"predecessor-version":[{"id":31091,"href":"https:\/\/excellence-saint-barth.com\/fr\/wp-json\/wp\/v2\/pages\/48\/revisions\/31091"}],"wp:featuredmedia":[{"embeddable":true,"href":"https:\/\/excellence-saint-barth.com\/fr\/wp-json\/wp\/v2\/media\/26391"}],"wp:attachment":[{"href":"https:\/\/excellence-saint-barth.com\/fr\/wp-json\/wp\/v2\/media?parent=48"}],"curies":[{"name":"wp","href":"https:\/\/api.w.org\/{rel}","templated":true}]}}