{"id":40,"date":"2019-12-09T17:00:59","date_gmt":"2019-12-09T16:00:59","guid":{"rendered":"http:\/\/excellence-saint-barth.projestic.com\/?page_id=40"},"modified":"2024-03-28T11:57:29","modified_gmt":"2024-03-28T10:57:29","slug":"location-villa-monaco","status":"publish","type":"page","link":"https:\/\/excellence-saint-barth.com\/fr\/location-villa-saint-barthelemy","title":{"rendered":"Location Villa Saint-Barth\u00e9lemy"},"content":{"rendered":"","protected":false},"excerpt":{"rendered":"","protected":false},"author":1,"featured_media":26364,"parent":0,"menu_order":0,"comment_status":"closed","ping_status":"closed","template":"template-listing-inner.php","meta":{"_acf_changed":false,"footnotes":""},"class_list":["post-40","page","type-page","status-publish","has-post-thumbnail"],"acf":[],"yoast_head":"<!-- This site is optimized with the Yoast SEO plugin v22.3 - https:\/\/yoast.com\/wordpress\/plugins\/seo\/ -->\n<title>Location Villa &amp; Maison Luxe \u00e0 St Barth - Excellence Saint-Barth<\/title>\n<meta name=\"description\" content=\"Luxe &amp; Discr\u00e9tion - Explorez nos locations de villas de luxe \u00e0 Saint-Barth\u00e9lemy. Excellence organise vos vacances sur-mesure.\" \/>\n<meta name=\"robots\" content=\"noindex, follow, max-snippet:-1, max-image-preview:large, max-video-preview:-1\" \/>\n<meta property=\"og:locale\" content=\"fr_FR\" \/>\n<meta property=\"og:type\" content=\"article\" \/>\n<meta property=\"og:title\" content=\"Location Villa &amp; Maison Luxe \u00e0 St Barth - Excellence Saint-Barth\" \/>\n<meta property=\"og:description\" content=\"Luxe &amp; Discr\u00e9tion - Explorez nos locations de villas de luxe \u00e0 Saint-Barth\u00e9lemy. Excellence organise vos vacances sur-mesure.\" \/>\n<meta property=\"og:url\" content=\"https:\/\/excellence-saint-barth.com\/fr\/location-villa-saint-barthelemy\" \/>\n<meta property=\"og:site_name\" content=\"Excellence Saint-Barth\" \/>\n<meta property=\"article:publisher\" content=\"https:\/\/www.facebook.com\/ExcellenceSaintTropez\/\" \/>\n<meta property=\"article:modified_time\" content=\"2024-03-28T10:57:29+00:00\" \/>\n<meta property=\"og:image\" content=\"https:\/\/excellence-saint-barth.com\/wp-content\/uploads\/2021\/10\/Sejour-Luxe-Saint-Barthelemy.jpg\" \/>\n\t<meta property=\"og:image:width\" content=\"740\" \/>\n\t<meta property=\"og:image:height\" content=\"740\" \/>\n\t<meta property=\"og:image:type\" content=\"image\/jpeg\" \/>\n<meta name=\"twitter:card\" content=\"summary_large_image\" \/>\n<meta name=\"twitter:site\" content=\"@excellence_fr\" \/>\n<meta name=\"twitter:label1\" content=\"Dur\u00e9e de lecture estim\u00e9e\" \/>\n\t<meta name=\"twitter:data1\" content=\"1 minute\" \/>\n<!-- \/ Yoast SEO plugin. -->","yoast_head_json":{"title":"Location Villa & Maison Luxe \u00e0 St Barth - Excellence Saint-Barth","description":"Luxe & Discr\u00e9tion - Explorez nos locations de villas de luxe \u00e0 Saint-Barth\u00e9lemy. Excellence organise vos vacances sur-mesure.","robots":{"index":"noindex","follow":"follow","max-snippet":"max-snippet:-1","max-image-preview":"max-image-preview:large","max-video-preview":"max-video-preview:-1"},"og_locale":"fr_FR","og_type":"article","og_title":"Location Villa & Maison Luxe \u00e0 St Barth - Excellence Saint-Barth","og_description":"Luxe & Discr\u00e9tion - Explorez nos locations de villas de luxe \u00e0 Saint-Barth\u00e9lemy. Excellence organise vos vacances sur-mesure.","og_url":"https:\/\/excellence-saint-barth.com\/fr\/location-villa-saint-barthelemy","og_site_name":"Excellence Saint-Barth","article_publisher":"https:\/\/www.facebook.com\/ExcellenceSaintTropez\/","article_modified_time":"2024-03-28T10:57:29+00:00","og_image":[{"width":740,"height":740,"url":"https:\/\/excellence-saint-barth.com\/wp-content\/uploads\/2021\/10\/Sejour-Luxe-Saint-Barthelemy.jpg","type":"image\/jpeg"}],"twitter_card":"summary_large_image","twitter_site":"@excellence_fr","twitter_misc":{"Dur\u00e9e de lecture estim\u00e9e":"1 minute"},"schema":{"@context":"https:\/\/schema.org","@graph":[{"@type":"WebPage","@id":"https:\/\/excellence-saint-barth.com\/fr\/location-villa-saint-barthelemy","url":"https:\/\/excellence-saint-barth.com\/fr\/location-villa-saint-barthelemy","name":"Location Villa & Maison Luxe \u00e0 St Barth - Excellence Saint-Barth","isPartOf":{"@id":"https:\/\/excellence-saint-barth.com\/fr\/#website"},"primaryImageOfPage":{"@id":"https:\/\/excellence-saint-barth.com\/fr\/location-villa-saint-barthelemy#primaryimage"},"image":{"@id":"https:\/\/excellence-saint-barth.com\/fr\/location-villa-saint-barthelemy#primaryimage"},"thumbnailUrl":"https:\/\/excellence-saint-barth.com\/wp-content\/uploads\/2021\/10\/Sejour-Luxe-Saint-Barthelemy.jpg","datePublished":"2019-12-09T16:00:59+00:00","dateModified":"2024-03-28T10:57:29+00:00","description":"Luxe & Discr\u00e9tion - Explorez nos locations de villas de luxe \u00e0 Saint-Barth\u00e9lemy. Excellence organise vos vacances sur-mesure.","inLanguage":"fr-FR","potentialAction":[{"@type":"ReadAction","target":["https:\/\/excellence-saint-barth.com\/fr\/location-villa-saint-barthelemy"]}]},{"@type":"ImageObject","inLanguage":"fr-FR","@id":"https:\/\/excellence-saint-barth.com\/fr\/location-villa-saint-barthelemy#primaryimage","url":"https:\/\/excellence-saint-barth.com\/wp-content\/uploads\/2021\/10\/Sejour-Luxe-Saint-Barthelemy.jpg","contentUrl":"https:\/\/excellence-saint-barth.com\/wp-content\/uploads\/2021\/10\/Sejour-Luxe-Saint-Barthelemy.jpg","width":740,"height":740,"caption":"Saint-Barth\u00e9lemy, destination de luxe dans les Cara\u00efbes"},{"@type":"WebSite","@id":"https:\/\/excellence-saint-barth.com\/fr\/#website","url":"https:\/\/excellence-saint-barth.com\/fr\/","name":"Excellence Saint-Barth","description":"S\u00e9jours de luxe \u00e0 Saint-Barth\u00e9lemy","publisher":{"@id":"https:\/\/excellence-saint-barth.com\/fr\/#organization"},"potentialAction":[{"@type":"SearchAction","target":{"@type":"EntryPoint","urlTemplate":"https:\/\/excellence-saint-barth.com\/fr\/?s={search_term_string}"},"query-input":"required name=search_term_string"}],"inLanguage":"fr-FR"},{"@type":"Organization","@id":"https:\/\/excellence-saint-barth.com\/fr\/#organization","name":"Excellence Saint-Barth","url":"https:\/\/excellence-saint-barth.com\/fr\/","logo":{"@type":"ImageObject","inLanguage":"fr-FR","@id":"https:\/\/excellence-saint-barth.com\/fr\/#\/schema\/logo\/image\/","url":"https:\/\/excellence-saint-barth.com\/wp-content\/uploads\/2021\/10\/cropped-Logo-Excellence-Riviera-Header.png","contentUrl":"https:\/\/excellence-saint-barth.com\/wp-content\/uploads\/2021\/10\/cropped-Logo-Excellence-Riviera-Header.png","width":276,"height":32,"caption":"Excellence Saint-Barth"},"image":{"@id":"https:\/\/excellence-saint-barth.com\/fr\/#\/schema\/logo\/image\/"},"sameAs":["https:\/\/www.facebook.com\/ExcellenceSaintTropez\/","https:\/\/twitter.com\/excellence_fr","https:\/\/www.instagram.com\/excellence.riviera\/","https:\/\/www.linkedin.com\/company\/excellence-saint-barth"]}]}},"_links":{"self":[{"href":"https:\/\/excellence-saint-barth.com\/fr\/wp-json\/wp\/v2\/pages\/40","targetHints":{"allow":["GET"]}}],"collection":[{"href":"https:\/\/excellence-saint-barth.com\/fr\/wp-json\/wp\/v2\/pages"}],"about":[{"href":"https:\/\/excellence-saint-barth.com\/fr\/wp-json\/wp\/v2\/types\/page"}],"author":[{"embeddable":true,"href":"https:\/\/excellence-saint-barth.com\/fr\/wp-json\/wp\/v2\/users\/1"}],"replies":[{"embeddable":true,"href":"https:\/\/excellence-saint-barth.com\/fr\/wp-json\/wp\/v2\/comments?post=40"}],"version-history":[{"count":5,"href":"https:\/\/excellence-saint-barth.com\/fr\/wp-json\/wp\/v2\/pages\/40\/revisions"}],"predecessor-version":[{"id":31087,"href":"https:\/\/excellence-saint-barth.com\/fr\/wp-json\/wp\/v2\/pages\/40\/revisions\/31087"}],"wp:featuredmedia":[{"embeddable":true,"href":"https:\/\/excellence-saint-barth.com\/fr\/wp-json\/wp\/v2\/media\/26364"}],"wp:attachment":[{"href":"https:\/\/excellence-saint-barth.com\/fr\/wp-json\/wp\/v2\/media?parent=40"}],"curies":[{"name":"wp","href":"https:\/\/api.w.org\/{rel}","templated":true}]}}