{"id":30923,"date":"2024-03-15T10:19:51","date_gmt":"2024-03-15T09:19:51","guid":{"rendered":"https:\/\/excellence-saint-barth.com\/restaurants-a-saint-barth"},"modified":"2024-03-20T09:59:32","modified_gmt":"2024-03-20T08:59:32","slug":"restaurants-a-saint-barth","status":"publish","type":"page","link":"https:\/\/excellence-saint-barth.com\/fr\/restaurants-saint-barthelemy","title":{"rendered":"Restaurants \u00e0 Saint-Barth"},"content":{"rendered":"","protected":false},"excerpt":{"rendered":"","protected":false},"author":1,"featured_media":30506,"parent":0,"menu_order":0,"comment_status":"closed","ping_status":"closed","template":"template-listing-inner.php","meta":{"_acf_changed":false,"footnotes":""},"class_list":["post-30923","page","type-page","status-publish","has-post-thumbnail"],"acf":[],"yoast_head":"<!-- This site is optimized with the Yoast SEO plugin v22.3 - https:\/\/yoast.com\/wordpress\/plugins\/seo\/ -->\n<title>D\u00e9jeuner ou d\u00eener \u00e0 Saint-Barth : Les meilleurs restaurants<\/title>\n<meta name=\"description\" content=\"Excellence a s\u00e9lectionn\u00e9 pour vous les meilleurs restaurants de Saint-Barth et vous offre la possibilit\u00e9 de les comparer en quelques instants.\" \/>\n<meta name=\"robots\" content=\"noindex, follow, max-snippet:-1, max-image-preview:large, max-video-preview:-1\" \/>\n<meta property=\"og:locale\" content=\"fr_FR\" \/>\n<meta property=\"og:type\" content=\"article\" \/>\n<meta property=\"og:title\" content=\"D\u00e9jeuner ou d\u00eener \u00e0 Saint-Barth : Les meilleurs restaurants\" \/>\n<meta property=\"og:description\" content=\"Excellence a s\u00e9lectionn\u00e9 pour vous les meilleurs restaurants de Saint-Barth et vous offre la possibilit\u00e9 de les comparer en quelques instants.\" \/>\n<meta property=\"og:url\" content=\"https:\/\/excellence-saint-barth.com\/fr\/restaurants-saint-barthelemy\" \/>\n<meta property=\"og:site_name\" content=\"Excellence Saint-Barth\" \/>\n<meta property=\"article:publisher\" content=\"https:\/\/www.facebook.com\/ExcellenceSaintTropez\/\" \/>\n<meta property=\"article:modified_time\" content=\"2024-03-20T08:59:32+00:00\" \/>\n<meta property=\"og:image\" content=\"https:\/\/excellence-saint-barth.com\/wp-content\/uploads\/2021\/12\/Plage-Shellona-Saint-Barth-3.jpg\" \/>\n\t<meta property=\"og:image:width\" content=\"1500\" \/>\n\t<meta property=\"og:image:height\" content=\"1000\" \/>\n\t<meta property=\"og:image:type\" content=\"image\/jpeg\" \/>\n<meta name=\"twitter:card\" content=\"summary_large_image\" \/>\n<meta name=\"twitter:site\" content=\"@excellence_fr\" \/>\n<meta name=\"twitter:label1\" content=\"Dur\u00e9e de lecture estim\u00e9e\" \/>\n\t<meta name=\"twitter:data1\" content=\"1 minute\" \/>\n<!-- \/ Yoast SEO plugin. -->","yoast_head_json":{"title":"D\u00e9jeuner ou d\u00eener \u00e0 Saint-Barth : Les meilleurs restaurants","description":"Excellence a s\u00e9lectionn\u00e9 pour vous les meilleurs restaurants de Saint-Barth et vous offre la possibilit\u00e9 de les comparer en quelques instants.","robots":{"index":"noindex","follow":"follow","max-snippet":"max-snippet:-1","max-image-preview":"max-image-preview:large","max-video-preview":"max-video-preview:-1"},"og_locale":"fr_FR","og_type":"article","og_title":"D\u00e9jeuner ou d\u00eener \u00e0 Saint-Barth : Les meilleurs restaurants","og_description":"Excellence a s\u00e9lectionn\u00e9 pour vous les meilleurs restaurants de Saint-Barth et vous offre la possibilit\u00e9 de les comparer en quelques instants.","og_url":"https:\/\/excellence-saint-barth.com\/fr\/restaurants-saint-barthelemy","og_site_name":"Excellence Saint-Barth","article_publisher":"https:\/\/www.facebook.com\/ExcellenceSaintTropez\/","article_modified_time":"2024-03-20T08:59:32+00:00","og_image":[{"width":1500,"height":1000,"url":"https:\/\/excellence-saint-barth.com\/wp-content\/uploads\/2021\/12\/Plage-Shellona-Saint-Barth-3.jpg","type":"image\/jpeg"}],"twitter_card":"summary_large_image","twitter_site":"@excellence_fr","twitter_misc":{"Dur\u00e9e de lecture estim\u00e9e":"1 minute"},"schema":{"@context":"https:\/\/schema.org","@graph":[{"@type":"WebPage","@id":"https:\/\/excellence-saint-barth.com\/fr\/restaurants-saint-barthelemy","url":"https:\/\/excellence-saint-barth.com\/fr\/restaurants-saint-barthelemy","name":"D\u00e9jeuner ou d\u00eener \u00e0 Saint-Barth : Les meilleurs restaurants","isPartOf":{"@id":"https:\/\/excellence-saint-barth.com\/fr\/#website"},"primaryImageOfPage":{"@id":"https:\/\/excellence-saint-barth.com\/fr\/restaurants-saint-barthelemy#primaryimage"},"image":{"@id":"https:\/\/excellence-saint-barth.com\/fr\/restaurants-saint-barthelemy#primaryimage"},"thumbnailUrl":"https:\/\/excellence-saint-barth.com\/wp-content\/uploads\/2021\/12\/Plage-Shellona-Saint-Barth-3.jpg","datePublished":"2024-03-15T09:19:51+00:00","dateModified":"2024-03-20T08:59:32+00:00","description":"Excellence a s\u00e9lectionn\u00e9 pour vous les meilleurs restaurants de Saint-Barth et vous offre la possibilit\u00e9 de les comparer en quelques instants.","inLanguage":"fr-FR","potentialAction":[{"@type":"ReadAction","target":["https:\/\/excellence-saint-barth.com\/fr\/restaurants-saint-barthelemy"]}]},{"@type":"ImageObject","inLanguage":"fr-FR","@id":"https:\/\/excellence-saint-barth.com\/fr\/restaurants-saint-barthelemy#primaryimage","url":"https:\/\/excellence-saint-barth.com\/wp-content\/uploads\/2021\/12\/Plage-Shellona-Saint-Barth-3.jpg","contentUrl":"https:\/\/excellence-saint-barth.com\/wp-content\/uploads\/2021\/12\/Plage-Shellona-Saint-Barth-3.jpg","width":1500,"height":1000,"caption":"Plage priv\u00e9e Shellona \u00e0 Saint-Barth\u00e9lemy dans les Cara\u00efbes"},{"@type":"WebSite","@id":"https:\/\/excellence-saint-barth.com\/fr\/#website","url":"https:\/\/excellence-saint-barth.com\/fr\/","name":"Excellence Saint-Barth","description":"S\u00e9jours de luxe \u00e0 Saint-Barth\u00e9lemy","publisher":{"@id":"https:\/\/excellence-saint-barth.com\/fr\/#organization"},"potentialAction":[{"@type":"SearchAction","target":{"@type":"EntryPoint","urlTemplate":"https:\/\/excellence-saint-barth.com\/fr\/?s={search_term_string}"},"query-input":"required name=search_term_string"}],"inLanguage":"fr-FR"},{"@type":"Organization","@id":"https:\/\/excellence-saint-barth.com\/fr\/#organization","name":"Excellence Saint-Barth","url":"https:\/\/excellence-saint-barth.com\/fr\/","logo":{"@type":"ImageObject","inLanguage":"fr-FR","@id":"https:\/\/excellence-saint-barth.com\/fr\/#\/schema\/logo\/image\/","url":"https:\/\/excellence-saint-barth.com\/wp-content\/uploads\/2021\/10\/cropped-Logo-Excellence-Riviera-Header.png","contentUrl":"https:\/\/excellence-saint-barth.com\/wp-content\/uploads\/2021\/10\/cropped-Logo-Excellence-Riviera-Header.png","width":276,"height":32,"caption":"Excellence Saint-Barth"},"image":{"@id":"https:\/\/excellence-saint-barth.com\/fr\/#\/schema\/logo\/image\/"},"sameAs":["https:\/\/www.facebook.com\/ExcellenceSaintTropez\/","https:\/\/twitter.com\/excellence_fr","https:\/\/www.instagram.com\/excellence.riviera\/","https:\/\/www.linkedin.com\/company\/excellence-saint-barth"]}]}},"_links":{"self":[{"href":"https:\/\/excellence-saint-barth.com\/fr\/wp-json\/wp\/v2\/pages\/30923","targetHints":{"allow":["GET"]}}],"collection":[{"href":"https:\/\/excellence-saint-barth.com\/fr\/wp-json\/wp\/v2\/pages"}],"about":[{"href":"https:\/\/excellence-saint-barth.com\/fr\/wp-json\/wp\/v2\/types\/page"}],"author":[{"embeddable":true,"href":"https:\/\/excellence-saint-barth.com\/fr\/wp-json\/wp\/v2\/users\/1"}],"replies":[{"embeddable":true,"href":"https:\/\/excellence-saint-barth.com\/fr\/wp-json\/wp\/v2\/comments?post=30923"}],"version-history":[{"count":4,"href":"https:\/\/excellence-saint-barth.com\/fr\/wp-json\/wp\/v2\/pages\/30923\/revisions"}],"predecessor-version":[{"id":31015,"href":"https:\/\/excellence-saint-barth.com\/fr\/wp-json\/wp\/v2\/pages\/30923\/revisions\/31015"}],"wp:featuredmedia":[{"embeddable":true,"href":"https:\/\/excellence-saint-barth.com\/fr\/wp-json\/wp\/v2\/media\/30506"}],"wp:attachment":[{"href":"https:\/\/excellence-saint-barth.com\/fr\/wp-json\/wp\/v2\/media?parent=30923"}],"curies":[{"name":"wp","href":"https:\/\/api.w.org\/{rel}","templated":true}]}}