{"id":14787,"date":"2021-04-26T16:38:02","date_gmt":"2021-04-26T14:38:02","guid":{"rendered":"https:\/\/excellence-saint-barth.projestic.com\/?page_id=14787"},"modified":"2024-03-20T10:05:35","modified_gmt":"2024-03-20T09:05:35","slug":"a-propos","status":"publish","type":"page","link":"https:\/\/excellence-saint-barth.com\/fr\/a-propos","title":{"rendered":"A propos"},"content":{"rendered":"","protected":false},"excerpt":{"rendered":"","protected":false},"author":12,"featured_media":30975,"parent":0,"menu_order":0,"comment_status":"closed","ping_status":"closed","template":"template-about.php","meta":{"_acf_changed":false,"footnotes":""},"class_list":["post-14787","page","type-page","status-publish","has-post-thumbnail"],"acf":[],"yoast_head":"<!-- This site is optimized with the Yoast SEO plugin v22.3 - https:\/\/yoast.com\/wordpress\/plugins\/seo\/ -->\n<title>A propos &#8226; Excellence Saint-Barth<\/title>\n<meta name=\"description\" content=\"Excellence Saint-Barth est une agence de location de villas de luxe et de yachts. Nous organisons votre s\u00e9jour sur mesure \u00e0 Saint-Barth\u00e9lemy.\" \/>\n<meta name=\"robots\" content=\"noindex, follow, max-snippet:-1, max-image-preview:large, max-video-preview:-1\" \/>\n<meta property=\"og:locale\" content=\"fr_FR\" \/>\n<meta property=\"og:type\" content=\"article\" \/>\n<meta property=\"og:title\" content=\"A propos &#8226; Excellence Saint-Barth\" \/>\n<meta property=\"og:description\" content=\"Excellence Saint-Barth est une agence de location de villas de luxe et de yachts. Nous organisons votre s\u00e9jour sur mesure \u00e0 Saint-Barth\u00e9lemy.\" \/>\n<meta property=\"og:url\" content=\"https:\/\/excellence-saint-barth.com\/fr\/a-propos\" \/>\n<meta property=\"og:site_name\" content=\"Excellence Saint-Barth\" \/>\n<meta property=\"article:publisher\" content=\"https:\/\/www.facebook.com\/ExcellenceSaintTropez\/\" \/>\n<meta property=\"article:modified_time\" content=\"2024-03-20T09:05:35+00:00\" \/>\n<meta property=\"og:image\" content=\"https:\/\/excellence-saint-barth.com\/wp-content\/uploads\/2024\/03\/Organisation-Sejour-Luxe-Saint-Barth.jpg\" \/>\n\t<meta property=\"og:image:width\" content=\"800\" \/>\n\t<meta property=\"og:image:height\" content=\"600\" \/>\n\t<meta property=\"og:image:type\" content=\"image\/jpeg\" \/>\n<meta name=\"twitter:card\" content=\"summary_large_image\" \/>\n<meta name=\"twitter:site\" content=\"@excellence_fr\" \/>\n<meta name=\"twitter:label1\" content=\"Dur\u00e9e de lecture estim\u00e9e\" \/>\n\t<meta name=\"twitter:data1\" content=\"1 minute\" \/>\n<!-- \/ Yoast SEO plugin. -->","yoast_head_json":{"title":"A propos &#8226; Excellence Saint-Barth","description":"Excellence Saint-Barth est une agence de location de villas de luxe et de yachts. Nous organisons votre s\u00e9jour sur mesure \u00e0 Saint-Barth\u00e9lemy.","robots":{"index":"noindex","follow":"follow","max-snippet":"max-snippet:-1","max-image-preview":"max-image-preview:large","max-video-preview":"max-video-preview:-1"},"og_locale":"fr_FR","og_type":"article","og_title":"A propos &#8226; Excellence Saint-Barth","og_description":"Excellence Saint-Barth est une agence de location de villas de luxe et de yachts. Nous organisons votre s\u00e9jour sur mesure \u00e0 Saint-Barth\u00e9lemy.","og_url":"https:\/\/excellence-saint-barth.com\/fr\/a-propos","og_site_name":"Excellence Saint-Barth","article_publisher":"https:\/\/www.facebook.com\/ExcellenceSaintTropez\/","article_modified_time":"2024-03-20T09:05:35+00:00","og_image":[{"width":800,"height":600,"url":"https:\/\/excellence-saint-barth.com\/wp-content\/uploads\/2024\/03\/Organisation-Sejour-Luxe-Saint-Barth.jpg","type":"image\/jpeg"}],"twitter_card":"summary_large_image","twitter_site":"@excellence_fr","twitter_misc":{"Dur\u00e9e de lecture estim\u00e9e":"1 minute"},"schema":{"@context":"https:\/\/schema.org","@graph":[{"@type":"WebPage","@id":"https:\/\/excellence-saint-barth.com\/fr\/a-propos","url":"https:\/\/excellence-saint-barth.com\/fr\/a-propos","name":"A propos &#8226; Excellence Saint-Barth","isPartOf":{"@id":"https:\/\/excellence-saint-barth.com\/fr\/#website"},"primaryImageOfPage":{"@id":"https:\/\/excellence-saint-barth.com\/fr\/a-propos#primaryimage"},"image":{"@id":"https:\/\/excellence-saint-barth.com\/fr\/a-propos#primaryimage"},"thumbnailUrl":"https:\/\/excellence-saint-barth.com\/wp-content\/uploads\/2024\/03\/Organisation-Sejour-Luxe-Saint-Barth.jpg","datePublished":"2021-04-26T14:38:02+00:00","dateModified":"2024-03-20T09:05:35+00:00","description":"Excellence Saint-Barth est une agence de location de villas de luxe et de yachts. Nous organisons votre s\u00e9jour sur mesure \u00e0 Saint-Barth\u00e9lemy.","inLanguage":"fr-FR","potentialAction":[{"@type":"ReadAction","target":["https:\/\/excellence-saint-barth.com\/fr\/a-propos"]}]},{"@type":"ImageObject","inLanguage":"fr-FR","@id":"https:\/\/excellence-saint-barth.com\/fr\/a-propos#primaryimage","url":"https:\/\/excellence-saint-barth.com\/wp-content\/uploads\/2024\/03\/Organisation-Sejour-Luxe-Saint-Barth.jpg","contentUrl":"https:\/\/excellence-saint-barth.com\/wp-content\/uploads\/2024\/03\/Organisation-Sejour-Luxe-Saint-Barth.jpg","width":800,"height":600,"caption":"Transats au bord d'une piscine d'une villa de luxe \u00e0 Saint-Barth"},{"@type":"WebSite","@id":"https:\/\/excellence-saint-barth.com\/fr\/#website","url":"https:\/\/excellence-saint-barth.com\/fr\/","name":"Excellence Saint-Barth","description":"S\u00e9jours de luxe \u00e0 Saint-Barth\u00e9lemy","publisher":{"@id":"https:\/\/excellence-saint-barth.com\/fr\/#organization"},"potentialAction":[{"@type":"SearchAction","target":{"@type":"EntryPoint","urlTemplate":"https:\/\/excellence-saint-barth.com\/fr\/?s={search_term_string}"},"query-input":"required name=search_term_string"}],"inLanguage":"fr-FR"},{"@type":"Organization","@id":"https:\/\/excellence-saint-barth.com\/fr\/#organization","name":"Excellence Saint-Barth","url":"https:\/\/excellence-saint-barth.com\/fr\/","logo":{"@type":"ImageObject","inLanguage":"fr-FR","@id":"https:\/\/excellence-saint-barth.com\/fr\/#\/schema\/logo\/image\/","url":"https:\/\/excellence-saint-barth.com\/wp-content\/uploads\/2021\/10\/cropped-Logo-Excellence-Riviera-Header.png","contentUrl":"https:\/\/excellence-saint-barth.com\/wp-content\/uploads\/2021\/10\/cropped-Logo-Excellence-Riviera-Header.png","width":276,"height":32,"caption":"Excellence Saint-Barth"},"image":{"@id":"https:\/\/excellence-saint-barth.com\/fr\/#\/schema\/logo\/image\/"},"sameAs":["https:\/\/www.facebook.com\/ExcellenceSaintTropez\/","https:\/\/twitter.com\/excellence_fr","https:\/\/www.instagram.com\/excellence.riviera\/","https:\/\/www.linkedin.com\/company\/excellence-saint-barth"]}]}},"_links":{"self":[{"href":"https:\/\/excellence-saint-barth.com\/fr\/wp-json\/wp\/v2\/pages\/14787","targetHints":{"allow":["GET"]}}],"collection":[{"href":"https:\/\/excellence-saint-barth.com\/fr\/wp-json\/wp\/v2\/pages"}],"about":[{"href":"https:\/\/excellence-saint-barth.com\/fr\/wp-json\/wp\/v2\/types\/page"}],"author":[{"embeddable":true,"href":"https:\/\/excellence-saint-barth.com\/fr\/wp-json\/wp\/v2\/users\/12"}],"replies":[{"embeddable":true,"href":"https:\/\/excellence-saint-barth.com\/fr\/wp-json\/wp\/v2\/comments?post=14787"}],"version-history":[{"count":6,"href":"https:\/\/excellence-saint-barth.com\/fr\/wp-json\/wp\/v2\/pages\/14787\/revisions"}],"predecessor-version":[{"id":30988,"href":"https:\/\/excellence-saint-barth.com\/fr\/wp-json\/wp\/v2\/pages\/14787\/revisions\/30988"}],"wp:featuredmedia":[{"embeddable":true,"href":"https:\/\/excellence-saint-barth.com\/fr\/wp-json\/wp\/v2\/media\/30975"}],"wp:attachment":[{"href":"https:\/\/excellence-saint-barth.com\/fr\/wp-json\/wp\/v2\/media?parent=14787"}],"curies":[{"name":"wp","href":"https:\/\/api.w.org\/{rel}","templated":true}]}}